{"id":515,"date":"2013-08-08T13:38:39","date_gmt":"2013-08-08T11:38:39","guid":{"rendered":"https:\/\/www.analisissintactico.com\/blog\/?page_id=515"},"modified":"2021-07-25T19:09:23","modified_gmt":"2021-07-25T17:09:23","slug":"curso-de-sintaxis","status":"publish","type":"page","link":"https:\/\/www.analisissintactico.com\/blog\/curso-de-sintaxis\/","title":{"rendered":"Curso de Sintaxis"},"content":{"rendered":"<h2><span style=\"text-decoration: underline;\"><strong>Curso de Sintaxis<\/strong> <\/span><\/h2>\n<p>Hazte ya con tu ejemplar del <a href=\"http:\/\/www.amazon.es\/gp\/product\/1514757265\/ref=as_li_ss_tl?ie=UTF8&amp;camp=3626&amp;creative=24822&amp;creativeASIN=1514757265&amp;linkCode=as2&amp;tag=analissintac-21\">Curso de Sintaxis<\/a>. Una versi\u00f3n completa, revisada y con m\u00e1s ejercicios. Desde el concepto de sintagma hasta oraciones muy complejas. Si sigues nuestro libro ver\u00e1s que \u00a1aprender a analizar puede ser muy f\u00e1cil!<\/p>\n<h2><a href=\"http:\/\/www.amazon.es\/gp\/product\/1514757265\/ref=as_li_ss_tl?ie=UTF8&amp;camp=3626&amp;creative=24822&amp;creativeASIN=1514757265&amp;linkCode=as2&amp;tag=analissintac-21\"><img loading=\"lazy\" decoding=\"async\" class=\"aligncenter wp-image-6498 size-full\" title=\"Libro Curso de Sintaxis\" src=\"https:\/\/www.analisissintactico.com\/blog\/wp-content\/uploads\/2021\/07\/cover_web.png\" alt=\"Curso de Sintaxis\" width=\"274\" height=\"371\" srcset=\"https:\/\/www.analisissintactico.com\/blog\/wp-content\/uploads\/2021\/07\/cover_web.png 274w, https:\/\/www.analisissintactico.com\/blog\/wp-content\/uploads\/2021\/07\/cover_web-222x300.png 222w\" sizes=\"auto, (max-width: 274px) 100vw, 274px\" \/><\/a>Objetivo<\/h2>\n<p>Con el <strong>Curso de Sintaxis <\/strong>que hemos elaborado pretendemos que cualquier persona que lo siga, pueda, sin tener necesariamente conocimientos previos, llegar a analizar oraciones complejas sin dificultad. Para ello vamos a combinar las explicaciones, con una serie de ejemplos y ejercicios propuestos, todo ello integrado con nuestro Editor de An\u00e1lisis Sint\u00e1ctico <a title=\"EdAS\" href=\"https:\/\/www.analisissintactico.com\/edas\/index.html\" target=\"_blank\" rel=\"noopener\"><strong>EdAS<\/strong><\/a>.<br \/>\n<iframe loading=\"lazy\" style=\"border: none;\" src=\"http:\/\/rcm-eu.amazon-adsystem.com\/e\/cm?t=analissintac-21&amp;o=30&amp;p=13&amp;l=ur1&amp;category=kindle&amp;banner=0S7AVK2Z1DR1Z8VHR7G2&amp;f=ifr\" width=\"468\" height=\"60\" frameborder=\"0\" marginwidth=\"0\" scrolling=\"no\"><\/iframe><\/p>\n<h2>\u00cdndice de contenido<\/h2>\n<p><strong>1. El sintagma<\/strong><\/p>\n<ul>\n<li><a title=\"Concepto de sintagma y clases (I)\" href=\"https:\/\/www.analisissintactico.com\/blog\/2013\/08\/concepto-de-sintagma-y-clases-i\/\">Concepto de sintagma y clases (I)<\/a><\/li>\n<li><a title=\"Concepto de sintagma y clases (II)\" href=\"https:\/\/www.analisissintactico.com\/blog\/2013\/09\/concepto-de-sintagma-y-clases-ii\/\">Concepto de sintagma y clases (II)<\/a><\/li>\n<li><a title=\"An\u00e1lisis de sintagmas\" href=\"https:\/\/www.analisissintactico.com\/blog\/2013\/09\/analisis-de-sintagmas\/\">An\u00e1lisis de sintagmas<\/a><\/li>\n<li><a title=\"Propuesta de ejercicios de sintagmas\" href=\"https:\/\/www.analisissintactico.com\/blog\/2013\/09\/propuesta-de-ejercicios-de-sintagmas\/\">Propuesta de ejercicios<\/a><\/li>\n<\/ul>\n<p><strong>2. La oraci\u00f3n simple<\/strong><\/p>\n<ul>\n<li><a title=\"Concepto de oraci\u00f3n\" href=\"https:\/\/www.analisissintactico.com\/blog\/2013\/11\/concepto-de-oracion\/\">Concepto de oraci\u00f3n<\/a><\/li>\n<li><a title=\"Componentes b\u00e1sicos: Sujeto y Predicado. Componentes extraoracionales\" href=\"https:\/\/www.analisissintactico.com\/blog\/2014\/01\/componentes-basicos-sujeto-y-predicado-componentes-extraoracionales\/\">Componentes b\u00e1sicos: Sujeto y Predicado. Componentes extraoracionales<\/a><\/li>\n<li><a title=\"Caracter\u00edsticas y tipos de Sujeto\" href=\"https:\/\/www.analisissintactico.com\/blog\/2014\/02\/caracteristicas-y-tipos-de-sujeto\/\">Caracter\u00edsticas y tipos de Sujeto<\/a><\/li>\n<li><a title=\"Clases de predicados: PN y PV\" href=\"https:\/\/www.analisissintactico.com\/blog\/2014\/02\/clases-de-predicados-pn-y-pv\/\">Clases de predicados: PN y PV<\/a><\/li>\n<li><a title=\"Complementos del predicado (I): Atributo y CD\" href=\"https:\/\/www.analisissintactico.com\/blog\/2014\/07\/complementos-del-predicado-i-atributo-y-cd\/\">Complementos del predicado (I): Atributo y CD<\/a><\/li>\n<li><a title=\"Complementos del predicado (II): CI y CC\" href=\"https:\/\/www.analisissintactico.com\/blog\/2014\/08\/complementos-del-predicado-ii-ci-y-cc\/\">Complementos del predicado (II): CI y CC<\/a><\/li>\n<li><a title=\"Complementos del predicado (III): CPvo, CR\u00e9g y CAg\" href=\"https:\/\/www.analisissintactico.com\/blog\/2014\/08\/complementos-del-predicado-iii-cpvo-creg-y-cag\/\">Complementos del predicado (III): CPvo, CR\u00e9g y CAg<\/a><\/li>\n<li><a title=\"Pasos y consejos para analizar una Oraci\u00f3n Simple\" href=\"https:\/\/www.analisissintactico.com\/blog\/2015\/02\/pasos-y-consejos-para-analizar-una-oracion-simple\/\">Pasos y consejos para analizar una Oraci\u00f3n Simple<\/a><\/li>\n<li><a title=\"Propuesta de ejercicios de oraci\u00f3n simple\" href=\"https:\/\/www.analisissintactico.com\/blog\/2015\/02\/propuesta-de-ejercicios-de-oracion-simple\/\">Propuesta de ejercicios<\/a><\/li>\n<\/ul>\n<p><ins class=\"bookingaff\" data-currency=\"EUR\" data-lang=\"es\" data-banner_id=\"30279\" data-aid=\"1153245\" data-target_aid=\"1153227\" data-prod=\"banner\" data-width=\"468\" data-height=\"60\"><br \/>\n<!-- Anything inside will go away once widget is loaded. --><br \/>\n<a href=\"\/\/www.booking.com?aid=1153227\">Booking.com<\/a><br \/>\n<\/ins><br \/>\n<script type=\"text\/javascript\"><br \/>\n    (function(d, sc, u) {<br \/>\n      var s = d.createElement(sc), p = d.getElementsByTagName(sc)[0];<br \/>\n      s.type = 'text\/javascript';<br \/>\n      s.async = true;<br \/>\n      s.src = u + '?v=' + (+new Date());<br \/>\n      p.parentNode.insertBefore(s,p);<br \/>\n      })(document, 'script', '\/\/aff.bstatic.com\/static\/affiliate_base\/js\/flexiproduct.js');<br \/>\n<\/script><br \/>\n<strong>3. Clases de oraciones seg\u00fan su estructura sint\u00e1ctica<\/strong><\/p>\n<ul>\n<li><a href=\"https:\/\/www.analisissintactico.com\/blog\/2015\/07\/oraciones-impersonales-o-unimembres\/\">Oraciones impersonales (o unimembres)<\/a><\/li>\n<li><a href=\"https:\/\/www.analisissintactico.com\/blog\/2015\/07\/oraciones-atributivas-y-predicativas\/\">Oraciones atributivas y predicativas<\/a><\/li>\n<li><a href=\"https:\/\/www.analisissintactico.com\/blog\/2015\/07\/oraciones-transitivas-e-intransitivas\/\">Oraciones transitivas e intransitivas<\/a><\/li>\n<li><a href=\"https:\/\/www.analisissintactico.com\/blog\/2015\/07\/oraciones-reflexivas-y-reciprocas\/\">Oraciones reflexivas y rec\u00edprocas<\/a><\/li>\n<li><a href=\"https:\/\/www.analisissintactico.com\/blog\/2015\/07\/oraciones-activas-y-pasivas-pasiva-perifrastica-y-pasiva-refleja\/\">Oraciones activas y pasivas (pasiva perifr\u00e1stica y pasiva refleja)<\/a><\/li>\n<li><a href=\"https:\/\/www.analisissintactico.com\/blog\/2015\/07\/valores-del-se\/\">Valores del \u00abse\u00bb<\/a><\/li>\n<li><a href=\"https:\/\/www.analisissintactico.com\/blog\/2015\/07\/ejercicios-de-oraciones-segun-su-estructura-sintactica\/\">Propuesta de ejercicios<\/a><\/li>\n<\/ul>\n<p><strong>4. Clases de oraciones seg\u00fan su modalidad enunciativa<\/strong><strong>. <\/strong><\/p>\n<ul>\n<li><a href=\"https:\/\/www.analisissintactico.com\/blog\/2015\/06\/clases-de-oraciones-segun-su-modalidad-enunciativa-introduccion\/\">Introducci\u00f3n<\/a><\/li>\n<li><a href=\"https:\/\/www.analisissintactico.com\/blog\/2015\/07\/oraciones-enunciativas\/\">Oraciones enunciativas<\/a><\/li>\n<li><a href=\"https:\/\/www.analisissintactico.com\/blog\/2015\/07\/oraciones-interrogativas\/\">Oraciones interrogativas<\/a><\/li>\n<li><a href=\"https:\/\/www.analisissintactico.com\/blog\/2015\/07\/oraciones-exclamativas\/\">Oraciones exclamativas<\/a><\/li>\n<li><a href=\"https:\/\/www.analisissintactico.com\/blog\/2015\/07\/oraciones-exhortativas-o-imperativas\/\">Oraciones imperativas<\/a><\/li>\n<li><a href=\"https:\/\/www.analisissintactico.com\/blog\/2015\/07\/oraciones-desiderativas\/\">Oraciones desiderativas<\/a><\/li>\n<li><a href=\"https:\/\/www.analisissintactico.com\/blog\/2015\/07\/oraciones-dubitativas\/\">Oraciones dubitativas<\/a><\/li>\n<li><a href=\"https:\/\/www.analisissintactico.com\/blog\/2015\/07\/ejercicios-de-oraciones-segun-modalidad-enunciativa\/\">Propuesta de ejercicios<\/a><\/li>\n<\/ul>\n<p><iframe loading=\"lazy\" style=\"border: none;\" src=\"http:\/\/rcm-eu.amazon-adsystem.com\/e\/cm?t=analissintac-21&amp;o=30&amp;p=13&amp;l=ur1&amp;category=videojuegos&amp;banner=1GE2Q378ECMBSHWTVP02&amp;f=ifr\" width=\"468\" height=\"60\" frameborder=\"0\" marginwidth=\"0\" scrolling=\"no\"><\/iframe><\/p>\n<p><strong>5. La oraci\u00f3n<\/strong> <strong>compuesta y compleja<\/strong><\/p>\n<ul>\n<li><a href=\"https:\/\/www.analisissintactico.com\/blog\/2015\/07\/distincion-entre-oraciones-compuestas-y-complejas\/\">Distinci\u00f3n entre oraci\u00f3n compuesta y compleja<\/a><\/li>\n<li><a href=\"https:\/\/www.analisissintactico.com\/blog\/2015\/07\/oraciones-coordinadas-clasificacion\/\">Oraciones coordinadas: clasificaci\u00f3n<\/a><\/li>\n<li><a href=\"https:\/\/www.analisissintactico.com\/blog\/2015\/07\/oraciones-yuxtapuestas\/\">Oraciones yuxtapuestas<\/a><\/li>\n<li><a href=\"https:\/\/www.analisissintactico.com\/blog\/2015\/07\/analisis-de-oraciones-coordinadas-y-yuxtapuestas\/\">An\u00e1lisis de oraciones coordinadas y yuxtapuestas<\/a><\/li>\n<li><a href=\"https:\/\/www.analisissintactico.com\/blog\/2015\/07\/propuesta-de-ejercicios-de-oraciones-compuestas-coordinadas-y-yuxtapuestas\/\">Propuesta de ejercicios<\/a><\/li>\n<li><a href=\"https:\/\/www.analisissintactico.com\/blog\/libro-de-sintaxis\/\">Oraciones subordinadas: clasificaci\u00f3n<\/a> <strong>(DE AQU\u00cd EN ADELANTE EL CONTENIDO EST\u00c1 SOLO DISPONIBLE EN: <a href=\"http:\/\/www.amazon.es\/gp\/product\/1514757265\/ref=as_li_ss_tl?ie=UTF8&amp;camp=3626&amp;creative=24822&amp;creativeASIN=1514757265&amp;linkCode=as2&amp;tag=analissintac-21\">CURSO DE SINTAXIS<\/a>)<\/strong><\/li>\n<li><a href=\"https:\/\/www.analisissintactico.com\/blog\/libro-de-sintaxis\/\">Oraciones subordinadas sustantivas<\/a><\/li>\n<li><a href=\"https:\/\/www.analisissintactico.com\/blog\/libro-de-sintaxis\/\">An\u00e1lisis de oraciones subordinadas sustantivas<\/a><\/li>\n<li><a href=\"https:\/\/www.analisissintactico.com\/blog\/libro-de-sintaxis\/\">Propuesta de ejercicios de oraciones subordinadas sustantivas<\/a><\/li>\n<li><a href=\"https:\/\/www.analisissintactico.com\/blog\/libro-de-sintaxis\/\">Oraciones subordinadas adjetivas<\/a><\/li>\n<li><a href=\"https:\/\/www.analisissintactico.com\/blog\/libro-de-sintaxis\/\">An\u00e1lisis de oraciones subordinadas adjetivas<\/a><\/li>\n<li><a href=\"https:\/\/www.analisissintactico.com\/blog\/libro-de-sintaxis\/\">Oraciones subordinadas adjetivas sustantivadas<\/a><\/li>\n<li><a href=\"https:\/\/www.analisissintactico.com\/blog\/libro-de-sintaxis\/\">Propuesta de ejercicios de oraciones subordinadas adjetivas y sustantivadas<\/a><\/li>\n<li><a href=\"https:\/\/www.analisissintactico.com\/blog\/libro-de-sintaxis\/\">Oraciones subordinadas adverbiales<\/a><\/li>\n<li>An\u00e1lisis de oraciones subordinadas adverbiales<\/li>\n<li><a href=\"https:\/\/www.analisissintactico.com\/blog\/libro-de-sintaxis\/\">Esquema-resumen de oraciones subordinadas adverbiales<\/a><\/li>\n<li><a href=\"https:\/\/www.analisissintactico.com\/blog\/libro-de-sintaxis\/\">Propuesta de ejercicios de oraciones subordinadas adverbiales<\/a><\/li>\n<\/ul>\n<p><strong>6. Oraciones \u00abm\u00e1s complejas<\/strong>\u00bb<\/p>\n<ul>\n<li><a href=\"https:\/\/www.analisissintactico.com\/blog\/libro-de-sintaxis\/\">An\u00e1lisis de oraciones \u00abm\u00e1s complejas\u00bb<\/a><\/li>\n<li><a href=\"https:\/\/www.analisissintactico.com\/blog\/libro-de-sintaxis\/\">Propuesta de ejercicios<\/a><\/li>\n<\/ul>\n<h4><strong>Licencia<\/strong><\/h4>\n<p>\u00a9 Patricia Cort\u00e9s Moreno y Miguel Flecha Fern\u00e1ndez. Todos los derechos reservados.<\/p>\n<p>Queda prohibida la reproducci\u00f3n total o parcial de este documento, as\u00ed como su uso y difusi\u00f3n, sin el consentimiento previo de su autor.<\/p>\n<p>Si deseas emplear alguno de los textos o im\u00e1genes de este curso puedes solicitarlo a trav\u00e9s de la secci\u00f3n de <a title=\"Contacto\" href=\"https:\/\/www.analisissintactico.com\/contacto.html\" target=\"_blank\" rel=\"noopener\">contacto<\/a>.<\/p>\n<p>Si consideras interesante el curso, te agradecer\u00edamos que, mediante los enlaces de abajo, lo compartieras en Facebook, Twitter y otras v\u00edas.<\/p>\n","protected":false},"excerpt":{"rendered":"<p>Curso de Sintaxis Hazte ya con tu ejemplar del Curso de Sintaxis. Una versi\u00f3n completa, revisada y con m\u00e1s ejercicios. Desde el concepto de sintagma hasta oraciones muy complejas. Si sigues nuestro libro ver\u00e1s que \u00a1aprender a analizar puede ser muy f\u00e1cil! Objetivo Con el Curso de Sintaxis que hemos elaborado pretendemos que cualquier persona&hellip;&nbsp;<a href=\"https:\/\/www.analisissintactico.com\/blog\/curso-de-sintaxis\/\" rel=\"bookmark\">Leer m\u00e1s &raquo;<span class=\"screen-reader-text\">Curso de Sintaxis<\/span><\/a><\/p>\n","protected":false},"author":1,"featured_media":0,"parent":0,"menu_order":0,"comment_status":"open","ping_status":"open","template":"","meta":{"neve_meta_sidebar":"","neve_meta_container":"","neve_meta_enable_content_width":"","neve_meta_content_width":0,"neve_meta_title_alignment":"","neve_meta_author_avatar":"","neve_post_elements_order":"","neve_meta_disable_header":"","neve_meta_disable_footer":"","neve_meta_disable_title":"","footnotes":""},"class_list":["post-515","page","type-page","status-publish","hentry"],"_links":{"self":[{"href":"https:\/\/www.analisissintactico.com\/blog\/wp-json\/wp\/v2\/pages\/515","targetHints":{"allow":["GET"]}}],"collection":[{"href":"https:\/\/www.analisissintactico.com\/blog\/wp-json\/wp\/v2\/pages"}],"about":[{"href":"https:\/\/www.analisissintactico.com\/blog\/wp-json\/wp\/v2\/types\/page"}],"author":[{"embeddable":true,"href":"https:\/\/www.analisissintactico.com\/blog\/wp-json\/wp\/v2\/users\/1"}],"replies":[{"embeddable":true,"href":"https:\/\/www.analisissintactico.com\/blog\/wp-json\/wp\/v2\/comments?post=515"}],"version-history":[{"count":0,"href":"https:\/\/www.analisissintactico.com\/blog\/wp-json\/wp\/v2\/pages\/515\/revisions"}],"wp:attachment":[{"href":"https:\/\/www.analisissintactico.com\/blog\/wp-json\/wp\/v2\/media?parent=515"}],"curies":[{"name":"wp","href":"https:\/\/api.w.org\/{rel}","templated":true}]}}