{"id":4130,"date":"2018-10-10T14:13:07","date_gmt":"2018-10-10T12:13:07","guid":{"rendered":"https:\/\/www.analisissintactico.com\/blog\/?page_id=4130"},"modified":"2021-07-25T19:13:07","modified_gmt":"2021-07-25T17:13:07","slug":"lengua-y-literatura-eso-app-android","status":"publish","type":"page","link":"https:\/\/www.analisissintactico.com\/blog\/lengua-y-literatura-eso-app-android\/","title":{"rendered":"Lengua y Literatura ESO &#8211; App Android"},"content":{"rendered":"\n<p>Esta app para Android es el complemento perfecto para comprobar que dominas la asignatura de Lengua y Literatura de la ESO (Actualmente hasta 3\u00ba de la ESO).<\/p>\n\n\n\n<div class=\"wp-block-image\"><figure class=\"aligncenter size-full\"><img loading=\"lazy\" decoding=\"async\" width=\"180\" height=\"180\" src=\"https:\/\/www.analisissintactico.com\/blog\/wp-content\/uploads\/2021\/07\/lenguaeso_logo.png\" alt=\"\" class=\"wp-image-6502\" srcset=\"https:\/\/www.analisissintactico.com\/blog\/wp-content\/uploads\/2021\/07\/lenguaeso_logo.png 180w, https:\/\/www.analisissintactico.com\/blog\/wp-content\/uploads\/2021\/07\/lenguaeso_logo-150x150.png 150w\" sizes=\"auto, (max-width: 180px) 100vw, 180px\" \/><\/figure><\/div>\n\n\n\n<p>Tienes m\u00e1s de 1.000 preguntas en cada curso divididas en temas y bloques para que cada test sea diferente<\/p>\n\n\n\n<div class=\"wp-block-image\"><figure class=\"aligncenter\"><a href=\"https:\/\/play.google.com\/store\/apps\/details?id=com.migflecha.lenguaeso\"><img loading=\"lazy\" decoding=\"async\" width=\"319\" height=\"600\" src=\"https:\/\/www.analisissintactico.com\/blog\/wp-content\/uploads\/2018\/10\/lenguaeso.png\" alt=\"\" class=\"wp-image-4195\" srcset=\"https:\/\/www.analisissintactico.com\/blog\/wp-content\/uploads\/2018\/10\/lenguaeso.png 319w, https:\/\/www.analisissintactico.com\/blog\/wp-content\/uploads\/2018\/10\/lenguaeso-160x300.png 160w\" sizes=\"auto, (max-width: 319px) 100vw, 319px\" \/><\/a><\/figure><\/div>\n\n\n\n<p>\u00a1Desc\u00e1rgala ahora mismo!<\/p>\n\n\n\n<div class=\"wp-block-image\"><figure class=\"aligncenter is-resized\"><a href=\"https:\/\/play.google.com\/store\/apps\/details?id=com.migflecha.lenguaeso\"><img loading=\"lazy\" decoding=\"async\" src=\"https:\/\/www.analisissintactico.com\/blog\/wp-content\/uploads\/2018\/10\/google-play-badge.png\" alt=\"\" class=\"wp-image-4217\" width=\"323\" height=\"125\" srcset=\"https:\/\/www.analisissintactico.com\/blog\/wp-content\/uploads\/2018\/10\/google-play-badge.png 646w, https:\/\/www.analisissintactico.com\/blog\/wp-content\/uploads\/2018\/10\/google-play-badge-300x116.png 300w\" sizes=\"auto, (max-width: 323px) 100vw, 323px\" \/><\/a><\/figure><\/div>\n\n\n\n<p>\nTemario 1\u00ba de la ESO<br>** Comunicaci\u00f3n:<br>&#8211; La comunicaci\u00f3n<br>&#8211; La narraci\u00f3n<br>&#8211; Los medios de comunicaci\u00f3n<br>&#8211; La descripci\u00f3n. Describir personas<br>&#8211; La descripci\u00f3n objetiva. Describir animales<br>&#8211; Los textos instructivos<br>&#8211; Los textos expositivos. La definici\u00f3n<br>&#8211; La argumentaci\u00f3n. Demostrar con pruebas<br>&#8211; La argumentaci\u00f3n en los medios de comunicaci\u00f3n<br>&#8211; El di\u00e1logo. La conversaci\u00f3n espont\u00e1nea<br>&#8211; El di\u00e1logo en los medios de comunicaci\u00f3n<br>&#8211; Las propiedades del texto<br>** Ortograf\u00eda:<br>&#8211; La s\u00edlaba. Las reglas generales de acentuaci\u00f3n<br>&#8211; Diptongo, triptongo e hiato<br>&#8211; La tilde diacr\u00edtica<br>&#8211; Palabras con b y v<br>&#8211; Palabras con g y j<br>&#8211; Palabras con h<br>&#8211; Palabras con ll e y<br>&#8211; Palabras con c, k, q y z<br>&#8211; La coma y el punto y coma<br>&#8211; El punto y los dos puntos<br>&#8211; Par\u00e9ntesis y signos de interrogaci\u00f3n y exclamaci\u00f3n<br>&#8211; Las may\u00fasculas y las min\u00fasculas<br>** Gram\u00e1tica:<br>&#8211; Las lenguas de Espa\u00f1a. Las variedades del castellano<br>&#8211; La palabra y su significado<br>&#8211; Mecanismos de formaci\u00f3n de palabras<br>&#8211; El g\u00e9nero y el n\u00famero del sustantivo. Las clases de sustantivos<br>&#8211; El adjetivo y sus grados. Las clases de adjetivos<br>&#8211; Los determinantes y los pronombres I<br>&#8211; Los determinantes y los pronombres II<br>&#8211; El verbo<br>&#8211; Las formas verbales. Los verbos regulares e irregulares<br>&#8211; El adverbio. La preposici\u00f3n y la conjunci\u00f3n<br>&#8211; La oraci\u00f3n. Sujeto y predicado. Los complementos del verbo<br>&#8211; Las clases de oraciones<br>** Literatura:<br>&#8211; El lenguaje literario<br>&#8211; El g\u00e9nero narrativo<br>&#8211; Los subg\u00e9neros narrativos<br>&#8211; La literatura y las artes<br>&#8211; El g\u00e9nero l\u00edrico<br>&#8211; Las estrofas<br>&#8211; La literatura y la m\u00fasica<br>&#8211; Los subg\u00e9neros l\u00edricos<br>&#8211; La literatura y el cine<br>&#8211; El g\u00e9nero teatral<br>&#8211; Los subg\u00e9neros teatrales<br>&#8211; Los g\u00e9neros literarios ayer y hoy<\/p>\n\n\n\n<p>Temario 2\u00ba ESO<br>** Comunicaci\u00f3n:<br>&#8211; Las funciones del lenguaje. Clases de textos<br>&#8211; Las modalidades del texto<br>&#8211; La narraci\u00f3n<br>&#8211; La descripci\u00f3n<br>&#8211; Los textos prescriptivos. Las normas<br>&#8211; La exposici\u00f3n<br>&#8211; La argumentaci\u00f3n<br>&#8211; El di\u00e1logo<br>&#8211; El peri\u00f3dico<br>&#8211; Los g\u00e9neros period\u00edsticos de opini\u00f3n<br>&#8211; Los g\u00e9neros period\u00edsticos de informaci\u00f3n y mixtos<br>&#8211; Las propiedades del texto<br>** Ortograf\u00eda:<br>&#8211; Las reglas de acentuaci\u00f3n I<br>&#8211; Las reglas de acentuaci\u00f3n II<br>&#8211; Uso de b y v<br>&#8211; Uso de g y j<br>&#8211; Uso de ll e y y de s y x<br>&#8211; Uso de h<br>&#8211; Uso de c, z, q y k<br>&#8211; Palabras juntas o separadas<br>&#8211; Punto, coma,  punto y coma  y dos puntos<br>&#8211; Puntos suspensivos y raya<br>&#8211; Comillas, par\u00e9ntesis y corchetes<br>&#8211; La escritura de los n\u00fameros<br>** Gram\u00e1tica:<br>&#8211; La estructura de la palabra<br>&#8211; Procedimientos de formaci\u00f3n de palabras<br>&#8211; El significado de las palabras. Relaciones de significado<br>&#8211; El verbo<br>&#8211; El sustantivo y el adjetivo<br>&#8211; Los pronombres y los determinantes <br>&#8211; El adverbio y la preposici\u00f3n. La conjunci\u00f3n y la interjecci\u00f3n<br>&#8211; La oraci\u00f3n<br>&#8211; Las oraciones pasivas. Las oraciones impersonales<br>&#8211; La oraci\u00f3n copulativa. El atributo. El complemento predicativo<br>&#8211; Los complementos verbales<br>&#8211; Las variedades dialectales del castellano. El espa\u00f1ol en el mundo<br>** Literatura:<br>&#8211; La literatura<br>&#8211; El lenguaje literario<br>&#8211; Las \u00e9pocas de la literatura<br>&#8211; Temas, t\u00f3picos y personajes de la literatura<br>&#8211; El g\u00e9nero narrativo<br>&#8211; Los subg\u00e9neros narrativos: la epopeya y la novela<br>&#8211; Los subg\u00e9neros narrativos: la leyenda y el cuento<br>&#8211; El g\u00e9nero l\u00edrico<br>&#8211; Los subg\u00e9neros l\u00edricos: la s\u00e1tira y la eleg\u00eda<br>&#8211; Los subg\u00e9neros l\u00edricos: la oda y la \u00e9gloga<br>&#8211; El g\u00e9nero teatral I: elementos y subg\u00e9neros mayores<br>&#8211; El g\u00e9nero teatral II: estructura y subg\u00e9neros menores\n\n<\/p>\n","protected":false},"excerpt":{"rendered":"<p>Afianza los conocimientos aprendidos en clase de la asignatura Lengua y Literatura castellana de la ESO con esta app para Android.<\/p>\n","protected":false},"author":1,"featured_media":4167,"parent":0,"menu_order":0,"comment_status":"closed","ping_status":"closed","template":"","meta":{"neve_meta_sidebar":"","neve_meta_container":"","neve_meta_enable_content_width":"","neve_meta_content_width":0,"neve_meta_title_alignment":"","neve_meta_author_avatar":"","neve_post_elements_order":"","neve_meta_disable_header":"","neve_meta_disable_footer":"","neve_meta_disable_title":"","footnotes":""},"class_list":["post-4130","page","type-page","status-publish","has-post-thumbnail","hentry"],"_links":{"self":[{"href":"https:\/\/www.analisissintactico.com\/blog\/wp-json\/wp\/v2\/pages\/4130","targetHints":{"allow":["GET"]}}],"collection":[{"href":"https:\/\/www.analisissintactico.com\/blog\/wp-json\/wp\/v2\/pages"}],"about":[{"href":"https:\/\/www.analisissintactico.com\/blog\/wp-json\/wp\/v2\/types\/page"}],"author":[{"embeddable":true,"href":"https:\/\/www.analisissintactico.com\/blog\/wp-json\/wp\/v2\/users\/1"}],"replies":[{"embeddable":true,"href":"https:\/\/www.analisissintactico.com\/blog\/wp-json\/wp\/v2\/comments?post=4130"}],"version-history":[{"count":0,"href":"https:\/\/www.analisissintactico.com\/blog\/wp-json\/wp\/v2\/pages\/4130\/revisions"}],"wp:featuredmedia":[{"embeddable":true,"href":"https:\/\/www.analisissintactico.com\/blog\/wp-json\/wp\/v2\/media\/4167"}],"wp:attachment":[{"href":"https:\/\/www.analisissintactico.com\/blog\/wp-json\/wp\/v2\/media?parent=4130"}],"curies":[{"name":"wp","href":"https:\/\/api.w.org\/{rel}","templated":true}]}}